{"id":3,"date":"2025-03-19T14:54:54","date_gmt":"2025-03-19T13:54:54","guid":{"rendered":"https:\/\/islabox.pl\/?page_id=3"},"modified":"2025-04-15T01:26:45","modified_gmt":"2025-04-14T23:26:45","slug":"polityka-prywatnosci","status":"publish","type":"page","link":"https:\/\/islabox.es\/?page_id=3","title":{"rendered":"Polityka prywatno\u015bci"},"content":{"rendered":"\t\t<div data-elementor-type=\"wp-page\" data-elementor-id=\"3\" class=\"elementor elementor-3\" data-elementor-post-type=\"page\">\n\t\t\t\t<div class=\"elementor-element elementor-element-dadc103 e-flex e-con-boxed e-con e-parent\" data-id=\"dadc103\" data-element_type=\"container\">\n\t\t\t\t\t<div class=\"e-con-inner\">\n\t\t\t\t<div class=\"elementor-element elementor-element-ef39377 elementor-widget elementor-widget-text-editor\" data-id=\"ef39377\" data-element_type=\"widget\" data-widget_type=\"text-editor.default\">\n\t\t\t\t<div class=\"elementor-widget-container\">\n\t\t\t\t\t\t\t\t\t\n<p>Pol\u00edtica de Privacidad\u00a0<\/p>\n<p>En cumplimiento con lo establecido en el Reglamento General de Protecci\u00f3n de Datos (RGPD) y la Ley Org\u00e1nica de Protecci\u00f3n de Datos Personales y garant\u00eda de los derechos digitales (LOPDGDD), informamos a los usuarios que:<\/p>\n<p>Sus datos ser\u00e1n tratados con la finalidad de gestionar la comunicaci\u00f3n comercial, administrativa y\/o contractual.<\/p>\n<p>No se ceder\u00e1n datos a terceros, salvo obligaci\u00f3n legal.<\/p>\n<p>Puedes ejercer tus derechos de acceso, rectificaci\u00f3n, supresi\u00f3n, oposici\u00f3n y otros, enviando una solicitud a info@islabox.es.<\/p>\n<p>Pol\u00edtica de Cookies<\/p>\n<p><span style=\"font-weight: 400;\">Este sitio web utiliza cookies propias y de terceros para mejorar la experiencia del usuario y recopilar informaci\u00f3n estad\u00edstica sobre su navegaci\u00f3n.<\/span><\/p>\t\t\t\t\t\t\t\t<\/div>\n\t\t\t\t<\/div>\n\t\t\t\t\t<\/div>\n\t\t\t\t<\/div>\n\t\t\t\t<\/div>\n\t\t","protected":false},"excerpt":{"rendered":"<p>Pol\u00edtica de Privacidad\u00a0 En cumplimiento con lo establecido en el Reglamento General de Protecci\u00f3n de Datos (RGPD) y la Ley Org\u00e1nica de Protecci\u00f3n de Datos Personales y garant\u00eda de los derechos digitales (LOPDGDD), informamos a los usuarios que: Sus datos ser\u00e1n tratados con la finalidad de gestionar la comunicaci\u00f3n comercial, administrativa y\/o contractual. No se [&hellip;]<\/p>\n","protected":false},"author":1,"featured_media":0,"parent":0,"menu_order":0,"comment_status":"closed","ping_status":"open","template":"","meta":{"footnotes":""},"class_list":["post-3","page","type-page","status-publish","hentry"],"yoast_head":"<!-- This site is optimized with the Yoast SEO plugin v25.2 - https:\/\/yoast.com\/wordpress\/plugins\/seo\/ -->\n<title>Polityka prywatno\u015bci - ISLABOX<\/title>\n<meta name=\"robots\" content=\"index, follow, max-snippet:-1, max-image-preview:large, max-video-preview:-1\" \/>\n<link rel=\"canonical\" href=\"https:\/\/islabox.es\/?page_id=3\" \/>\n<meta property=\"og:locale\" content=\"en_US\" \/>\n<meta property=\"og:type\" content=\"article\" \/>\n<meta property=\"og:title\" content=\"Polityka prywatno\u015bci - ISLABOX\" \/>\n<meta property=\"og:description\" content=\"Pol\u00edtica de Privacidad\u00a0 En cumplimiento con lo establecido en el Reglamento General de Protecci\u00f3n de Datos (RGPD) y la Ley Org\u00e1nica de Protecci\u00f3n de Datos Personales y garant\u00eda de los derechos digitales (LOPDGDD), informamos a los usuarios que: Sus datos ser\u00e1n tratados con la finalidad de gestionar la comunicaci\u00f3n comercial, administrativa y\/o contractual. No se [&hellip;]\" \/>\n<meta property=\"og:url\" content=\"https:\/\/islabox.es\/?page_id=3\" \/>\n<meta property=\"og:site_name\" content=\"ISLABOX\" \/>\n<meta property=\"article:modified_time\" content=\"2025-04-14T23:26:45+00:00\" \/>\n<meta name=\"twitter:card\" content=\"summary_large_image\" \/>\n<meta name=\"twitter:label1\" content=\"Est. reading time\" \/>\n\t<meta name=\"twitter:data1\" content=\"1 minute\" \/>\n<script type=\"application\/ld+json\" class=\"yoast-schema-graph\">{\"@context\":\"https:\/\/schema.org\",\"@graph\":[{\"@type\":\"WebPage\",\"@id\":\"https:\/\/islabox.es\/?page_id=3\",\"url\":\"https:\/\/islabox.es\/?page_id=3\",\"name\":\"Polityka prywatno\u015bci - ISLABOX\",\"isPartOf\":{\"@id\":\"https:\/\/islabox.es\/#website\"},\"datePublished\":\"2025-03-19T13:54:54+00:00\",\"dateModified\":\"2025-04-14T23:26:45+00:00\",\"breadcrumb\":{\"@id\":\"https:\/\/islabox.es\/?page_id=3#breadcrumb\"},\"inLanguage\":\"en-US\",\"potentialAction\":[{\"@type\":\"ReadAction\",\"target\":[\"https:\/\/islabox.es\/?page_id=3\"]}]},{\"@type\":\"BreadcrumbList\",\"@id\":\"https:\/\/islabox.es\/?page_id=3#breadcrumb\",\"itemListElement\":[{\"@type\":\"ListItem\",\"position\":1,\"name\":\"Strona g\u0142\u00f3wna\",\"item\":\"https:\/\/islabox.es\/\"},{\"@type\":\"ListItem\",\"position\":2,\"name\":\"Polityka prywatno\u015bci\"}]},{\"@type\":\"WebSite\",\"@id\":\"https:\/\/islabox.es\/#website\",\"url\":\"https:\/\/islabox.es\/\",\"name\":\"ISLABOX\",\"description\":\"\",\"potentialAction\":[{\"@type\":\"SearchAction\",\"target\":{\"@type\":\"EntryPoint\",\"urlTemplate\":\"https:\/\/islabox.es\/?s={search_term_string}\"},\"query-input\":{\"@type\":\"PropertyValueSpecification\",\"valueRequired\":true,\"valueName\":\"search_term_string\"}}],\"inLanguage\":\"en-US\"}]}<\/script>\n<!-- \/ Yoast SEO plugin. -->","yoast_head_json":{"title":"Polityka prywatno\u015bci - ISLABOX","robots":{"index":"index","follow":"follow","max-snippet":"max-snippet:-1","max-image-preview":"max-image-preview:large","max-video-preview":"max-video-preview:-1"},"canonical":"https:\/\/islabox.es\/?page_id=3","og_locale":"en_US","og_type":"article","og_title":"Polityka prywatno\u015bci - ISLABOX","og_description":"Pol\u00edtica de Privacidad\u00a0 En cumplimiento con lo establecido en el Reglamento General de Protecci\u00f3n de Datos (RGPD) y la Ley Org\u00e1nica de Protecci\u00f3n de Datos Personales y garant\u00eda de los derechos digitales (LOPDGDD), informamos a los usuarios que: Sus datos ser\u00e1n tratados con la finalidad de gestionar la comunicaci\u00f3n comercial, administrativa y\/o contractual. No se [&hellip;]","og_url":"https:\/\/islabox.es\/?page_id=3","og_site_name":"ISLABOX","article_modified_time":"2025-04-14T23:26:45+00:00","twitter_card":"summary_large_image","twitter_misc":{"Est. reading time":"1 minute"},"schema":{"@context":"https:\/\/schema.org","@graph":[{"@type":"WebPage","@id":"https:\/\/islabox.es\/?page_id=3","url":"https:\/\/islabox.es\/?page_id=3","name":"Polityka prywatno\u015bci - ISLABOX","isPartOf":{"@id":"https:\/\/islabox.es\/#website"},"datePublished":"2025-03-19T13:54:54+00:00","dateModified":"2025-04-14T23:26:45+00:00","breadcrumb":{"@id":"https:\/\/islabox.es\/?page_id=3#breadcrumb"},"inLanguage":"en-US","potentialAction":[{"@type":"ReadAction","target":["https:\/\/islabox.es\/?page_id=3"]}]},{"@type":"BreadcrumbList","@id":"https:\/\/islabox.es\/?page_id=3#breadcrumb","itemListElement":[{"@type":"ListItem","position":1,"name":"Strona g\u0142\u00f3wna","item":"https:\/\/islabox.es\/"},{"@type":"ListItem","position":2,"name":"Polityka prywatno\u015bci"}]},{"@type":"WebSite","@id":"https:\/\/islabox.es\/#website","url":"https:\/\/islabox.es\/","name":"ISLABOX","description":"","potentialAction":[{"@type":"SearchAction","target":{"@type":"EntryPoint","urlTemplate":"https:\/\/islabox.es\/?s={search_term_string}"},"query-input":{"@type":"PropertyValueSpecification","valueRequired":true,"valueName":"search_term_string"}}],"inLanguage":"en-US"}]}},"_links":{"self":[{"href":"https:\/\/islabox.es\/index.php?rest_route=\/wp\/v2\/pages\/3","targetHints":{"allow":["GET"]}}],"collection":[{"href":"https:\/\/islabox.es\/index.php?rest_route=\/wp\/v2\/pages"}],"about":[{"href":"https:\/\/islabox.es\/index.php?rest_route=\/wp\/v2\/types\/page"}],"author":[{"embeddable":true,"href":"https:\/\/islabox.es\/index.php?rest_route=\/wp\/v2\/users\/1"}],"replies":[{"embeddable":true,"href":"https:\/\/islabox.es\/index.php?rest_route=%2Fwp%2Fv2%2Fcomments&post=3"}],"version-history":[{"count":3,"href":"https:\/\/islabox.es\/index.php?rest_route=\/wp\/v2\/pages\/3\/revisions"}],"predecessor-version":[{"id":337,"href":"https:\/\/islabox.es\/index.php?rest_route=\/wp\/v2\/pages\/3\/revisions\/337"}],"wp:attachment":[{"href":"https:\/\/islabox.es\/index.php?rest_route=%2Fwp%2Fv2%2Fmedia&parent=3"}],"curies":[{"name":"wp","href":"https:\/\/api.w.org\/{rel}","templated":true}]}}